{"id":1221,"date":"2025-08-07T16:48:54","date_gmt":"2025-08-07T14:48:54","guid":{"rendered":"https:\/\/vargostechnologies.com\/?page_id=1221"},"modified":"2025-08-07T18:44:50","modified_gmt":"2025-08-07T16:44:50","slug":"demande-de-devis","status":"publish","type":"page","link":"https:\/\/vargostechnologies.com\/index.php\/demande-de-devis\/","title":{"rendered":"Demande de devis"},"content":{"rendered":"\t\t<div data-elementor-type=\"wp-page\" data-elementor-id=\"1221\" class=\"elementor elementor-1221\" data-elementor-settings=\"{&quot;ha_cmc_init_switcher&quot;:&quot;no&quot;}\" data-elementor-post-type=\"page\">\n\t\t\t\t<div class=\"elementor-element elementor-element-038e028 e-con-full e-flex e-con e-parent\" data-id=\"038e028\" data-element_type=\"container\" data-settings=\"{&quot;_ha_eqh_enable&quot;:false}\">\n\t\t\t\t<div class=\"elementor-element elementor-element-2b5e28e elementor-widget elementor-widget-heading\" data-id=\"2b5e28e\" data-element_type=\"widget\" data-widget_type=\"heading.default\">\n\t\t\t\t\t\t\t<h2 class=\"elementor-heading-title elementor-size-default\">Demande de DEVIS<\/h2>\t\t\t\t<\/div>\n\t\t\t\t<div class=\"elementor-element elementor-element-4276734 elementor-button-align-center elementor-tablet-button-align-center elementor-widget__width-inherit ha-has-bg-overlay elementor-widget elementor-widget-form\" data-id=\"4276734\" data-element_type=\"widget\" data-settings=\"{&quot;step_next_label&quot;:&quot;Suivant&quot;,&quot;step_previous_label&quot;:&quot;Pr\\u00e9c\\u00e9dent&quot;,&quot;button_width&quot;:&quot;100&quot;,&quot;step_type&quot;:&quot;number_text&quot;,&quot;step_icon_shape&quot;:&quot;circle&quot;}\" data-widget_type=\"form.default\">\n\t\t\t\t\t\t\t\t\t<form class=\"elementor-form\" method=\"post\" name=\"New Form\" aria-label=\"New Form\">\n\t\t\t<input type=\"hidden\" name=\"post_id\" value=\"1221\"\/>\n\t\t\t<input type=\"hidden\" name=\"form_id\" value=\"4276734\"\/>\n\t\t\t<input type=\"hidden\" name=\"referer_title\" value=\"Demande de devis\" \/>\n\n\t\t\t\t\t\t\t<input type=\"hidden\" name=\"queried_id\" value=\"1221\"\/>\n\t\t\t\n\t\t\t<div class=\"elementor-form-fields-wrapper elementor-labels-above\">\n\t\t\t\t\t\t\t\t<div class=\"elementor-field-type-select elementor-field-group elementor-column elementor-field-group-field_3574892 elementor-col-100 elementor-field-required\">\n\t\t\t\t\t\t\t\t\t\t\t\t<label for=\"form-field-field_3574892\" class=\"elementor-field-label\">\n\t\t\t\t\t\t\t\tVous etes*\t\t\t\t\t\t\t<\/label>\n\t\t\t\t\t\t\t\t<div class=\"elementor-field elementor-select-wrapper remove-before \">\n\t\t\t<div class=\"select-caret-down-wrapper\">\n\t\t\t\t<svg aria-hidden=\"true\" class=\"e-font-icon-svg e-eicon-caret-down\" viewBox=\"0 0 571.4 571.4\" xmlns=\"http:\/\/www.w3.org\/2000\/svg\"><path d=\"M571 393Q571 407 561 418L311 668Q300 679 286 679T261 668L11 418Q0 407 0 393T11 368 36 357H536Q550 357 561 368T571 393Z\"><\/path><\/svg>\t\t\t<\/div>\n\t\t\t<select name=\"form_fields[field_3574892]\" id=\"form-field-field_3574892\" class=\"elementor-field-textual elementor-size-md\" required=\"required\">\n\t\t\t\t\t\t\t\t\t<option value=\"Entreprise\">Entreprise<\/option>\n\t\t\t\t\t\t\t\t\t<option value=\"Particulier\">Particulier<\/option>\n\t\t\t\t\t\t\t<\/select>\n\t\t<\/div>\n\t\t\t\t\t\t<\/div>\n\t\t\t\t\t\t\t\t<div class=\"elementor-field-type-text elementor-field-group elementor-column elementor-field-group-field_9865e14 elementor-col-50\">\n\t\t\t\t\t\t\t\t\t\t\t\t<label for=\"form-field-field_9865e14\" class=\"elementor-field-label\">\n\t\t\t\t\t\t\t\tPour les entreprises\t\t\t\t\t\t\t<\/label>\n\t\t\t\t\t\t\t\t\t\t\t\t\t\t<input size=\"1\" type=\"text\" name=\"form_fields[field_9865e14]\" id=\"form-field-field_9865e14\" class=\"elementor-field elementor-size-md  elementor-field-textual\" placeholder=\"D\u00e9nomination + N\u00b0 TVA INTRA\">\n\t\t\t\t\t\t\t\t\t\t\t<\/div>\n\t\t\t\t\t\t\t\t<div class=\"elementor-field-type-text elementor-field-group elementor-column elementor-field-group-field_e03353c elementor-col-50\">\n\t\t\t\t\t\t\t\t\t\t\t\t<label for=\"form-field-field_e03353c\" class=\"elementor-field-label\">\n\t\t\t\t\t\t\t\tPour les particuliers\t\t\t\t\t\t\t<\/label>\n\t\t\t\t\t\t\t\t\t\t\t\t\t\t<input size=\"1\" type=\"text\" name=\"form_fields[field_e03353c]\" id=\"form-field-field_e03353c\" class=\"elementor-field elementor-size-md  elementor-field-textual\" placeholder=\"N\u00b0 CI ou Permis\">\n\t\t\t\t\t\t\t\t\t\t\t<\/div>\n\t\t\t\t\t\t\t\t<div class=\"elementor-field-type-text elementor-field-group elementor-column elementor-field-group-name elementor-col-50 elementor-md-100 elementor-field-required\">\n\t\t\t\t\t\t\t\t\t\t\t\t<label for=\"form-field-name\" class=\"elementor-field-label\">\n\t\t\t\t\t\t\t\tNom*\t\t\t\t\t\t\t<\/label>\n\t\t\t\t\t\t\t\t\t\t\t\t\t\t<input size=\"1\" type=\"text\" name=\"form_fields[name]\" id=\"form-field-name\" class=\"elementor-field elementor-size-md  elementor-field-textual\" placeholder=\"Nom\" required=\"required\">\n\t\t\t\t\t\t\t\t\t\t\t<\/div>\n\t\t\t\t\t\t\t\t<div class=\"elementor-field-type-text elementor-field-group elementor-column elementor-field-group-email elementor-col-50 elementor-md-100 elementor-field-required\">\n\t\t\t\t\t\t\t\t\t\t\t\t<label for=\"form-field-email\" class=\"elementor-field-label\">\n\t\t\t\t\t\t\t\tPrenom*\t\t\t\t\t\t\t<\/label>\n\t\t\t\t\t\t\t\t\t\t\t\t\t\t<input size=\"1\" type=\"text\" name=\"form_fields[email]\" id=\"form-field-email\" class=\"elementor-field elementor-size-md  elementor-field-textual\" placeholder=\"Pr\u00e9nom\" required=\"required\">\n\t\t\t\t\t\t\t\t\t\t\t<\/div>\n\t\t\t\t\t\t\t\t<div class=\"elementor-field-type-text elementor-field-group elementor-column elementor-field-group-field_a7e16ab elementor-col-50 elementor-field-required\">\n\t\t\t\t\t\t\t\t\t\t\t\t<label for=\"form-field-field_a7e16ab\" class=\"elementor-field-label\">\n\t\t\t\t\t\t\t\tE-mail*\t\t\t\t\t\t\t<\/label>\n\t\t\t\t\t\t\t\t\t\t\t\t\t\t<input size=\"1\" type=\"text\" name=\"form_fields[field_a7e16ab]\" id=\"form-field-field_a7e16ab\" class=\"elementor-field elementor-size-md  elementor-field-textual\" placeholder=\"E-mail\" required=\"required\">\n\t\t\t\t\t\t\t\t\t\t\t<\/div>\n\t\t\t\t\t\t\t\t<div class=\"elementor-field-type-tel elementor-field-group elementor-column elementor-field-group-field_aa0cff5 elementor-col-50 elementor-field-required\">\n\t\t\t\t\t\t\t\t\t\t\t\t<label for=\"form-field-field_aa0cff5\" class=\"elementor-field-label\">\n\t\t\t\t\t\t\t\tT\u00e9l\u00e9phone*\t\t\t\t\t\t\t<\/label>\n\t\t\t\t\t\t\t\t<input size=\"1\" type=\"tel\" name=\"form_fields[field_aa0cff5]\" id=\"form-field-field_aa0cff5\" class=\"elementor-field elementor-size-md  elementor-field-textual\" placeholder=\"0607080910\" required=\"required\" pattern=\"[0-9()#&amp;+*-=.]+\" title=\"Only numbers and phone characters (#, -, *, etc) are accepted.\">\n\n\t\t\t\t\t\t<\/div>\n\t\t\t\t\t\t\t\t<div class=\"elementor-field-type-text elementor-field-group elementor-column elementor-field-group-field_73232f3 elementor-col-100\">\n\t\t\t\t\t\t\t\t\t\t\t\t<label for=\"form-field-field_73232f3\" class=\"elementor-field-label\">\n\t\t\t\t\t\t\t\tVos \u00e9quipements actuels\t\t\t\t\t\t\t<\/label>\n\t\t\t\t\t\t\t\t\t\t\t\t\t\t<input size=\"1\" type=\"text\" name=\"form_fields[field_73232f3]\" id=\"form-field-field_73232f3\" class=\"elementor-field elementor-size-md  elementor-field-textual\" placeholder=\"logiciels, lecteur, cl\u00e9 ...\">\n\t\t\t\t\t\t\t\t\t\t\t<\/div>\n\t\t\t\t\t\t\t\t<div class=\"elementor-field-type-select elementor-field-group elementor-column elementor-field-group-field_5f80ec4 elementor-col-50 elementor-field-required\">\n\t\t\t\t\t\t\t\t\t\t\t\t<label for=\"form-field-field_5f80ec4\" class=\"elementor-field-label\">\n\t\t\t\t\t\t\t\tCombien de v\u00e9hicules voulez-vous \u00e9quiper ?*\t\t\t\t\t\t\t<\/label>\n\t\t\t\t\t\t\t\t<div class=\"elementor-field elementor-select-wrapper remove-before \">\n\t\t\t<div class=\"select-caret-down-wrapper\">\n\t\t\t\t<svg aria-hidden=\"true\" class=\"e-font-icon-svg e-eicon-caret-down\" viewBox=\"0 0 571.4 571.4\" xmlns=\"http:\/\/www.w3.org\/2000\/svg\"><path d=\"M571 393Q571 407 561 418L311 668Q300 679 286 679T261 668L11 418Q0 407 0 393T11 368 36 357H536Q550 357 561 368T571 393Z\"><\/path><\/svg>\t\t\t<\/div>\n\t\t\t<select name=\"form_fields[field_5f80ec4]\" id=\"form-field-field_5f80ec4\" class=\"elementor-field-textual elementor-size-md\" required=\"required\">\n\t\t\t\t\t\t\t\t\t<option value=\"1 \u00e0 2\">1 \u00e0 2<\/option>\n\t\t\t\t\t\t\t\t\t<option value=\"3 \u00e0 5\">3 \u00e0 5<\/option>\n\t\t\t\t\t\t\t\t\t<option value=\"6 \u00e0 8\">6 \u00e0 8<\/option>\n\t\t\t\t\t\t\t\t\t<option value=\"9 \u00e0 10 \">9 \u00e0 10 <\/option>\n\t\t\t\t\t\t\t\t\t<option value=\"11 \u00e0 20\">11 \u00e0 20<\/option>\n\t\t\t\t\t\t\t\t\t<option value=\"21 \u00e0 50\">21 \u00e0 50<\/option>\n\t\t\t\t\t\t\t\t\t<option value=\"51 \u00e0 80\">51 \u00e0 80<\/option>\n\t\t\t\t\t\t\t\t\t<option value=\"81 \u00e0 100\">81 \u00e0 100<\/option>\n\t\t\t\t\t\t\t\t\t<option value=\"101 \u00e0 200\">101 \u00e0 200<\/option>\n\t\t\t\t\t\t\t\t\t<option value=\"201 et plus\">201 et plus<\/option>\n\t\t\t\t\t\t\t<\/select>\n\t\t<\/div>\n\t\t\t\t\t\t<\/div>\n\t\t\t\t\t\t\t\t<div class=\"elementor-field-type-select elementor-field-group elementor-column elementor-field-group-field_3efaba2 elementor-col-50 elementor-field-required\">\n\t\t\t\t\t\t\t\t\t\t\t\t<label for=\"form-field-field_3efaba2\" class=\"elementor-field-label\">\n\t\t\t\t\t\t\t\tVotre besoin TachoSpeed Expert*\t\t\t\t\t\t\t<\/label>\n\t\t\t\t\t\t\t\t<div class=\"elementor-field elementor-select-wrapper remove-before \">\n\t\t\t<div class=\"select-caret-down-wrapper\">\n\t\t\t\t<svg aria-hidden=\"true\" class=\"e-font-icon-svg e-eicon-caret-down\" viewBox=\"0 0 571.4 571.4\" xmlns=\"http:\/\/www.w3.org\/2000\/svg\"><path d=\"M571 393Q571 407 561 418L311 668Q300 679 286 679T261 668L11 418Q0 407 0 393T11 368 36 357H536Q550 357 561 368T571 393Z\"><\/path><\/svg>\t\t\t<\/div>\n\t\t\t<select name=\"form_fields[field_3efaba2]\" id=\"form-field-field_3efaba2\" class=\"elementor-field-textual elementor-size-md\" required=\"required\">\n\t\t\t\t\t\t\t\t\t<option value=\"Aucun\">Aucun<\/option>\n\t\t\t\t\t\t\t\t\t<option value=\"Licence Monoposte \u00b9\">Licence Monoposte \u00b9<\/option>\n\t\t\t\t\t\t\t\t\t<option value=\"Licence Serveur (Hors NAS) \u00b2\">Licence Serveur (Hors NAS) \u00b2<\/option>\n\t\t\t\t\t\t\t<\/select>\n\t\t<\/div>\n\t\t\t\t\t\t<\/div>\n\t\t\t\t\t\t\t\t<div class=\"elementor-field-type-text elementor-field-group elementor-column elementor-field-group-field_b6055c1 elementor-col-50\">\n\t\t\t\t\t\t\t\t\t\t\t\t<label for=\"form-field-field_b6055c1\" class=\"elementor-field-label\">\n\t\t\t\t\t\t\t\tSi TACHOSPEED SERVEUR\t\t\t\t\t\t\t<\/label>\n\t\t\t\t\t\t\t\t\t\t\t\t\t\t<input size=\"1\" type=\"text\" name=\"form_fields[field_b6055c1]\" id=\"form-field-field_b6055c1\" class=\"elementor-field elementor-size-md  elementor-field-textual\" placeholder=\"Nombre de client serveur\">\n\t\t\t\t\t\t\t\t\t\t\t<\/div>\n\t\t\t\t\t\t\t\t<div class=\"elementor-field-type-number elementor-field-group elementor-column elementor-field-group-field_ba8db9b elementor-col-50 elementor-field-required\">\n\t\t\t\t\t\t\t\t\t\t\t\t<label for=\"form-field-field_ba8db9b\" class=\"elementor-field-label\">\n\t\t\t\t\t\t\t\tSouhaitez-vous des cl\u00e9s TS PRO2 \u2074 ?*\t\t\t\t\t\t\t<\/label>\n\t\t\t\t\t\t\t\t\t<input type=\"number\" name=\"form_fields[field_ba8db9b]\" id=\"form-field-field_ba8db9b\" class=\"elementor-field elementor-size-md  elementor-field-textual\" placeholder=\"0\" required=\"required\" min=\"0\" max=\"999\" >\n\t\t\t\t\t\t<\/div>\n\t\t\t\t\t\t\t\t<div class=\"elementor-field-type-select elementor-field-group elementor-column elementor-field-group-field_2d03e75 elementor-col-50 elementor-field-required\">\n\t\t\t\t\t\t\t\t\t\t\t\t<label for=\"form-field-field_2d03e75\" class=\"elementor-field-label\">\n\t\t\t\t\t\t\t\tSouhaitez-vous des boitiers GPRS \u2075 ?*\t\t\t\t\t\t\t<\/label>\n\t\t\t\t\t\t\t\t<div class=\"elementor-field elementor-select-wrapper remove-before \">\n\t\t\t<div class=\"select-caret-down-wrapper\">\n\t\t\t\t<svg aria-hidden=\"true\" class=\"e-font-icon-svg e-eicon-caret-down\" viewBox=\"0 0 571.4 571.4\" xmlns=\"http:\/\/www.w3.org\/2000\/svg\"><path d=\"M571 393Q571 407 561 418L311 668Q300 679 286 679T261 668L11 418Q0 407 0 393T11 368 36 357H536Q550 357 561 368T571 393Z\"><\/path><\/svg>\t\t\t<\/div>\n\t\t\t<select name=\"form_fields[field_2d03e75]\" id=\"form-field-field_2d03e75\" class=\"elementor-field-textual elementor-size-md\" required=\"required\">\n\t\t\t\t\t\t\t\t\t<option value=\"Oui\">Oui<\/option>\n\t\t\t\t\t\t\t\t\t<option value=\"Oui avec G\u00e9olocalisation\">Oui avec G\u00e9olocalisation<\/option>\n\t\t\t\t\t\t\t\t\t<option value=\"Non\">Non<\/option>\n\t\t\t\t\t\t\t<\/select>\n\t\t<\/div>\n\t\t\t\t\t\t<\/div>\n\t\t\t\t\t\t\t\t<div class=\"elementor-field-type-number elementor-field-group elementor-column elementor-field-group-field_873d5a2 elementor-col-50 elementor-field-required\">\n\t\t\t\t\t\t\t\t\t\t\t\t<label for=\"form-field-field_873d5a2\" class=\"elementor-field-label\">\n\t\t\t\t\t\t\t\tSouhaitez-vous des lecteurs de cartes ?*\t\t\t\t\t\t\t<\/label>\n\t\t\t\t\t\t\t\t\t<input type=\"number\" name=\"form_fields[field_873d5a2]\" id=\"form-field-field_873d5a2\" class=\"elementor-field elementor-size-md  elementor-field-textual\" placeholder=\"0\" required=\"required\" min=\"0\" max=\"999\" >\n\t\t\t\t\t\t<\/div>\n\t\t\t\t\t\t\t\t<div class=\"elementor-field-type-textarea elementor-field-group elementor-column elementor-field-group-field_e6070d5 elementor-col-100\">\n\t\t\t\t\t\t\t\t\t\t\t\t<label for=\"form-field-field_e6070d5\" class=\"elementor-field-label\">\n\t\t\t\t\t\t\t\tMessage\t\t\t\t\t\t\t<\/label>\n\t\t\t\t\t\t<textarea class=\"elementor-field-textual elementor-field  elementor-size-md\" name=\"form_fields[field_e6070d5]\" id=\"form-field-field_e6070d5\" rows=\"5\" placeholder=\"Question ou besoin sp\u00e9cifique\"><\/textarea>\t\t\t\t<\/div>\n\t\t\t\t\t\t\t\t<div class=\"elementor-field-type-checkbox elementor-field-group elementor-column elementor-field-group-field_66e766e elementor-col-100\">\n\t\t\t\t\t<div class=\"elementor-field-subgroup  elementor-subgroup-inline\"><span class=\"elementor-field-option\"><input type=\"checkbox\" value=\"J&#039;accepte la politique de confidentialit\u00e9 et d\u2019utilisation des donn\u00e9es personnelles*\" id=\"form-field-field_66e766e-0\" name=\"form_fields[field_66e766e]\"> <label for=\"form-field-field_66e766e-0\">J'accepte la politique de confidentialit\u00e9 et d\u2019utilisation des donn\u00e9es personnelles*<\/label><\/span><\/div>\t\t\t\t<\/div>\n\t\t\t\t\t\t\t\t<div class=\"elementor-field-type-recaptcha elementor-field-group elementor-column elementor-field-group-field_56fa0ff elementor-col-100\">\n\t\t\t\t\t<div class=\"elementor-field\" id=\"form-field-field_56fa0ff\"><div class=\"elementor-g-recaptcha\" data-sitekey=\"6Ld-bJIrAAAAACl-qi43pWnDA-ygzlQPExtK9uZG\" data-type=\"v2_checkbox\" data-theme=\"light\" data-size=\"normal\"><\/div><\/div>\t\t\t\t<\/div>\n\t\t\t\t\t\t\t\t<div class=\"elementor-field-group elementor-column elementor-field-type-submit elementor-col-100 e-form__buttons\">\n\t\t\t\t\t<button class=\"elementor-button elementor-size-md elementor-animation-grow-rotate\" type=\"submit\">\n\t\t\t\t\t\t<span class=\"elementor-button-content-wrapper\">\n\t\t\t\t\t\t\t\t\t\t\t\t\t\t\t\t\t\t\t\t\t\t<span class=\"elementor-button-text\">Envoyer<\/span>\n\t\t\t\t\t\t\t\t\t\t\t\t\t<\/span>\n\t\t\t\t\t<\/button>\n\t\t\t\t<\/div>\n\t\t\t<\/div>\n\t\t<\/form>\n\t\t\t\t\t\t<\/div>\n\t\t\t\t<\/div>\n\t\t<div class=\"elementor-element elementor-element-cc7e805 e-flex e-con-boxed e-con e-parent\" data-id=\"cc7e805\" data-element_type=\"container\" data-settings=\"{&quot;_ha_eqh_enable&quot;:false}\">\n\t\t\t\t\t<div class=\"e-con-inner\">\n\t\t\t\t<div class=\"elementor-element elementor-element-87d1b21 elementor-widget elementor-widget-text-editor\" data-id=\"87d1b21\" data-element_type=\"widget\" data-widget_type=\"text-editor.default\">\n\t\t\t\t\t\t\t\t\t\t\t<p>* Champ Obligatoire<\/p><p>\u00b9 <strong>Installation monoposte :<\/strong> le logiciel est install\u00e9 sur un seul ordinateur classique (PC sous Windows, ou Mac\/Linux avec \u00e9mulateur Windows).<\/p><p><strong>\u00b2 Installation serveur :<\/strong> n\u00e9cessite un vrai serveur (les NAS ne sont pas compatibles).<\/p><p><strong>\u00b3 Le nombre de clients<\/strong> correspond au nombre de postes qui utiliseront le logiciel depuis un autre ordinateur, en r\u00e9seau local ou \u00e0 distance.<\/p><p><strong>\u2074 La cl\u00e9 TachoTerminal Pro 2<\/strong> Cl\u00e9 TachoTerminal Pro 2 permet de t\u00e9l\u00e9charger les donn\u00e9es du tachygraphe et de la carte conducteur. M\u00e9moire 3 Go, autonome. Peut \u00eatre r\u00e9gl\u00e9e pour ne prendre que la p\u00e9riode demand\u00e9e par la DREAL (si encore dispo dans le tachygraphe).<\/p><p><strong>\u2075 Boitiers GPRS :<\/strong> Ce sont des boitiers qui permettent la transmission des donn\u00e9es du tachygraphe et de la carte par GPRS on peut y ajouter aussi la g\u00e9olocalisation.<\/p><p><strong>\u00c0 noter :<\/strong> l&rsquo;achat concerne uniquement les bo\u00eetiers. Un abonnement mensuel est ensuite n\u00e9cessaire.<\/p>\t\t\t\t\t\t\t\t<\/div>\n\t\t\t\t\t<\/div>\n\t\t\t\t<\/div>\n\t\t\t\t<\/div>\n\t\t","protected":false},"excerpt":{"rendered":"<p>Demande de DEVIS * Champ Obligatoire \u00b9 Installation monoposte : le logiciel est install\u00e9 sur un seul ordinateur classique (PC sous Windows, ou Mac\/Linux avec \u00e9mulateur Windows). \u00b2 Installation serveur : n\u00e9cessite un vrai serveur (les NAS ne sont pas compatibles). \u00b3 Le nombre de clients correspond au nombre de postes qui utiliseront le logiciel [&hellip;]<\/p>\n","protected":false},"author":1,"featured_media":0,"parent":0,"menu_order":0,"comment_status":"closed","ping_status":"closed","template":"","meta":{"footnotes":""},"class_list":["post-1221","page","type-page","status-publish","hentry","entry"],"_links":{"self":[{"href":"https:\/\/vargostechnologies.com\/index.php\/wp-json\/wp\/v2\/pages\/1221","targetHints":{"allow":["GET"]}}],"collection":[{"href":"https:\/\/vargostechnologies.com\/index.php\/wp-json\/wp\/v2\/pages"}],"about":[{"href":"https:\/\/vargostechnologies.com\/index.php\/wp-json\/wp\/v2\/types\/page"}],"author":[{"embeddable":true,"href":"https:\/\/vargostechnologies.com\/index.php\/wp-json\/wp\/v2\/users\/1"}],"replies":[{"embeddable":true,"href":"https:\/\/vargostechnologies.com\/index.php\/wp-json\/wp\/v2\/comments?post=1221"}],"version-history":[{"count":40,"href":"https:\/\/vargostechnologies.com\/index.php\/wp-json\/wp\/v2\/pages\/1221\/revisions"}],"predecessor-version":[{"id":1282,"href":"https:\/\/vargostechnologies.com\/index.php\/wp-json\/wp\/v2\/pages\/1221\/revisions\/1282"}],"wp:attachment":[{"href":"https:\/\/vargostechnologies.com\/index.php\/wp-json\/wp\/v2\/media?parent=1221"}],"curies":[{"name":"wp","href":"https:\/\/api.w.org\/{rel}","templated":true}]}}